{"id":7985,"date":"2024-11-08T10:35:53","date_gmt":"2024-11-08T10:35:53","guid":{"rendered":"https:\/\/cheffedoeuvre.projects17.com\/product\/%d8%ae%d8%a8%d8%b2-%d8%a7%d9%84%d8%b2%d9%86%d8%ac%d8%a8%d9%8a%d9%84-%d8%a8%d8%a7%d9%84%d8%b2%d9%86%d8%ac%d8%a8%d9%8a%d9%84\/"},"modified":"2024-11-08T10:35:53","modified_gmt":"2024-11-08T10:35:53","slug":"%d8%ae%d8%a8%d8%b2-%d8%a7%d9%84%d8%b2%d9%86%d8%ac%d8%a8%d9%8a%d9%84-%d8%a8%d8%a7%d9%84%d8%b2%d9%86%d8%ac%d8%a8%d9%8a%d9%84","status":"publish","type":"product","link":"https:\/\/cheffedoeuvre.projects17.com\/ar\/product\/%d8%ae%d8%a8%d8%b2-%d8%a7%d9%84%d8%b2%d9%86%d8%ac%d8%a8%d9%8a%d9%84-%d8%a8%d8%a7%d9%84%d8%b2%d9%86%d8%ac%d8%a8%d9%8a%d9%84\/","title":{"rendered":"\u062e\u0628\u0632 \u0627\u0644\u0632\u0646\u062c\u0628\u064a\u0644 \u0628\u0627\u0644\u0632\u0646\u062c\u0628\u064a\u0644"},"content":{"rendered":"<p>\u0644\u0648\u062d \u0627\u0644\u062c\u0628\u0646 \u0627\u0644\u0645\u0646\u062d\u0648\u062a \u0647\u0648 \u0639\u0628\u0627\u0631\u0629 \u0639\u0646 \u0639\u0631\u0636 \u0623\u0646\u064a\u0642 \u0645\u0646 \u0627\u0644\u0623\u062c\u0628\u0627\u0646 \u0627\u0644\u0645\u0646\u062d\u0648\u062a\u0629 \u064a\u062f\u0648\u064a\u0627\u064b\u060c \u0645\u0631\u062a\u0628\u0629 \u0628\u0628\u0631\u0627\u0639\u0629 \u0645\u0639 \u0645\u062c\u0645\u0648\u0639\u0629 \u0645\u062e\u062a\u0627\u0631\u0629 \u0645\u0646 \u0627\u0644\u0623\u062c\u0628\u0627\u0646 \u0627\u0644\u0645\u0631\u0627\u0641\u0642\u0629 \u0644\u0644\u0630\u0648\u0627\u0642\u0629\u060c \u0645\u0645\u0627 \u064a\u062c\u0639\u0644\u0647\u0627 \u0642\u0637\u0639\u0629 \u0645\u0631\u0643\u0632\u064a\u0629 \u0645\u0630\u0647\u0644\u0629 \u0648\u0644\u0630\u064a\u0630\u0629 \u0644\u0623\u064a \u0645\u0646\u0627\u0633\u0628\u0629.<\/p>\n","protected":false},"excerpt":{"rendered":"<p>Finger de pain de pain d&#8217;\u00e9pices, mousse de foie gras l\u00e9g\u00e8re, accompagn\u00e9 de tranche poire au sirop, concass\u00e9e de noisette, fleurs comestible<br \/>\n<strong>Allergies :<\/strong> \u0627\u0644\u0645\u0643\u0633\u0631\u0627\u062a\u060c \u0645\u0646\u062a\u062c\u0627\u062a \u0627\u0644\u0623\u0644\u0628\u0627\u0646\u060c \u0627\u0644\u063a\u0644\u0648\u062a\u064a\u0646<\/p>\n<p>&nbsp;<\/p>\n<p> \u064a\u0631\u062c\u0649 \u0625\u062e\u0637\u0627\u0631\u0646\u0627 \u0628\u0623\u064a \u062d\u0633\u0627\u0633\u064a\u0629 \u0623\u0648 \u0637\u0644\u0628\u0627\u062a \u063a\u0630\u0627\u0626\u064a\u0629 \u0639\u0646\u062f \u0627\u0644\u062f\u0641\u0639<br \/>\n*\u0635\u0648\u0631\u0629 \u063a\u064a\u0631 \u062a\u0639\u0627\u0642\u062f\u064a\u0629<br \/>\n*\u0643\u0644 \u0637\u0628\u0642 \u0647\u0648 \u0627\u0628\u062a\u0643\u0627\u0631 \u0641\u0631\u064a\u062f \u0645\u0646 \u0646\u0648\u0639\u0647\u060c \u0648\u0645\u0646 \u0627\u0644\u0645\u062d\u062a\u0645\u0644 \u0623\u0646 \u064a\u062a\u0645 \u062a\u0639\u062f\u064a\u0644\u0647 \u062d\u0633\u0628 \u0627\u0644\u0648\u0635\u0648\u0644<\/p>\n","protected":false},"featured_media":7108,"comment_status":"open","ping_status":"closed","template":"","meta":[],"product_cat":[92,126],"product_tag":[96],"class_list":{"0":"post-7985","1":"product","2":"type-product","3":"status-publish","4":"has-post-thumbnail","6":"product_cat-92","7":"product_cat-126","8":"product_tag-highlighted-ar","10":"first","11":"instock","12":"taxable","13":"shipping-taxable","14":"purchasable","15":"product-type-variable","16":"has-default-attributes","17":"add-to-wishlist-after_add_to_cart"},"jetpack_sharing_enabled":true,"_links":{"self":[{"href":"https:\/\/cheffedoeuvre.projects17.com\/ar\/wp-json\/wp\/v2\/product\/7985"}],"collection":[{"href":"https:\/\/cheffedoeuvre.projects17.com\/ar\/wp-json\/wp\/v2\/product"}],"about":[{"href":"https:\/\/cheffedoeuvre.projects17.com\/ar\/wp-json\/wp\/v2\/types\/product"}],"replies":[{"embeddable":true,"href":"https:\/\/cheffedoeuvre.projects17.com\/ar\/wp-json\/wp\/v2\/comments?post=7985"}],"wp:featuredmedia":[{"embeddable":true,"href":"https:\/\/cheffedoeuvre.projects17.com\/ar\/wp-json\/wp\/v2\/media\/7108"}],"wp:attachment":[{"href":"https:\/\/cheffedoeuvre.projects17.com\/ar\/wp-json\/wp\/v2\/media?parent=7985"}],"wp:term":[{"taxonomy":"product_cat","embeddable":true,"href":"https:\/\/cheffedoeuvre.projects17.com\/ar\/wp-json\/wp\/v2\/product_cat?post=7985"},{"taxonomy":"product_tag","embeddable":true,"href":"https:\/\/cheffedoeuvre.projects17.com\/ar\/wp-json\/wp\/v2\/product_tag?post=7985"}],"curies":[{"name":"wp","href":"https:\/\/api.w.org\/{rel}","templated":true}]}}